{"id":59,"date":"2020-04-08T21:28:35","date_gmt":"2020-04-08T19:28:35","guid":{"rendered":"http:\/\/voegele.becker.abcde.biz\/?page_id=59"},"modified":"2023-04-01T11:52:54","modified_gmt":"2023-04-01T09:52:54","slug":"schmuck","status":"publish","type":"page","link":"https:\/\/www.voegele-juwelier.de\/?page_id=59","title":{"rendered":"Schmuck"},"content":{"rendered":"\n<p class=\"has-medium-font-size\">Unsere Kollektionen international bekannter und f\u00fchrender Schmuckmarken sind Ausdruck h\u00f6chster Qualit\u00e4t, die wir mit Liebe f\u00fcr Sie ausw\u00e4hlen.&nbsp;<\/p>\n\n\n\n<h2 class=\"wp-block-heading\">Unsere Serviceleistungen f\u00fcr Schmuck<\/h2>\n\n\n\n<ul class=\"wp-block-list\">\n<li>Reparatur und Umarbeitung Ihrer Schmuckst\u00fccke<\/li>\n\n\n\n<li>Anfertigung neuer Schmuckst\u00fccke nach Ihren eigenen Vorstellungen<\/li>\n<\/ul>\n\n\n\n<figure class=\"wp-block-gallery aligncenter has-nested-images columns-0 wp-block-gallery-1 is-layout-flex wp-block-gallery-is-layout-flex\">\n<figure class=\"wp-block-image size-large\"><img loading=\"lazy\" decoding=\"async\" width=\"300\" height=\"166\" data-id=\"66\" src=\"https:\/\/www.voegele-juwelier.de\/wp-content\/uploads\/2020\/04\/DG_Logo_black_300px.jpg\" alt=\"\" class=\"wp-image-66\"\/><\/figure>\n\n\n\n<figure class=\"wp-block-image size-full\"><img loading=\"lazy\" decoding=\"async\" width=\"300\" height=\"156\" data-id=\"161\" src=\"https:\/\/www.voegele-juwelier.de\/wp-content\/uploads\/2020\/04\/Humphrey_mit_Hut_Made_in_Austria.jpg\" alt=\"\" class=\"wp-image-161\"\/><\/figure>\n\n\n\n<figure class=\"wp-block-image size-large\"><img loading=\"lazy\" decoding=\"async\" width=\"300\" height=\"166\" data-id=\"67\" src=\"https:\/\/www.voegele-juwelier.de\/wp-content\/uploads\/2020\/04\/logo-capolavoro_300px.png\" alt=\"\" class=\"wp-image-67\"\/><\/figure>\n\n\n\n<figure class=\"wp-block-image size-large\"><img loading=\"lazy\" decoding=\"async\" width=\"300\" height=\"162\" data-id=\"158\" src=\"https:\/\/www.voegele-juwelier.de\/wp-content\/uploads\/2020\/04\/palido-logo.png\" alt=\"\" class=\"wp-image-158\"\/><\/figure>\n\n\n\n<figure class=\"wp-block-image size-large\"><img loading=\"lazy\" decoding=\"async\" width=\"300\" height=\"166\" data-id=\"70\" src=\"https:\/\/www.voegele-juwelier.de\/wp-content\/uploads\/2020\/04\/elaine-firenze-logo-w300.png\" alt=\"\" class=\"wp-image-70\"\/><\/figure>\n\n\n\n<figure class=\"wp-block-image size-large\"><img loading=\"lazy\" decoding=\"async\" width=\"300\" height=\"128\" data-id=\"159\" src=\"https:\/\/www.voegele-juwelier.de\/wp-content\/uploads\/2020\/04\/quinn_logo_klein_2.jpg\" alt=\"\" class=\"wp-image-159\"\/><\/figure>\n\n\n\n<figure class=\"wp-block-image size-large\"><img loading=\"lazy\" decoding=\"async\" width=\"300\" height=\"117\" data-id=\"160\" src=\"https:\/\/www.voegele-juwelier.de\/wp-content\/uploads\/2020\/04\/Logo-Bernd-Wolf.jpg\" alt=\"\" class=\"wp-image-160\"\/><\/figure>\n\n\n\n<figure class=\"wp-block-image size-large\"><img loading=\"lazy\" decoding=\"async\" width=\"300\" height=\"150\" data-id=\"167\" src=\"https:\/\/www.voegele-juwelier.de\/wp-content\/uploads\/2020\/04\/sainmaurice-1.png\" alt=\"\" class=\"wp-image-167\"\/><\/figure>\n<\/figure>\n\n\n\n<p><\/p>\n","protected":false},"excerpt":{"rendered":"<p>Unsere Kollektionen international bekannter und f\u00fchrender Schmuckmarken sind Ausdruck h\u00f6chster Qualit\u00e4t, die wir mit Liebe f\u00fcr Sie ausw\u00e4hlen.&nbsp; Unsere Serviceleistungen f\u00fcr Schmuck<\/p>\n","protected":false},"author":1,"featured_media":0,"parent":0,"menu_order":0,"comment_status":"closed","ping_status":"closed","template":"","meta":{"footnotes":""},"class_list":["post-59","page","type-page","status-publish","hentry"],"_links":{"self":[{"href":"https:\/\/www.voegele-juwelier.de\/index.php?rest_route=\/wp\/v2\/pages\/59","targetHints":{"allow":["GET"]}}],"collection":[{"href":"https:\/\/www.voegele-juwelier.de\/index.php?rest_route=\/wp\/v2\/pages"}],"about":[{"href":"https:\/\/www.voegele-juwelier.de\/index.php?rest_route=\/wp\/v2\/types\/page"}],"author":[{"embeddable":true,"href":"https:\/\/www.voegele-juwelier.de\/index.php?rest_route=\/wp\/v2\/users\/1"}],"replies":[{"embeddable":true,"href":"https:\/\/www.voegele-juwelier.de\/index.php?rest_route=%2Fwp%2Fv2%2Fcomments&post=59"}],"version-history":[{"count":13,"href":"https:\/\/www.voegele-juwelier.de\/index.php?rest_route=\/wp\/v2\/pages\/59\/revisions"}],"predecessor-version":[{"id":237,"href":"https:\/\/www.voegele-juwelier.de\/index.php?rest_route=\/wp\/v2\/pages\/59\/revisions\/237"}],"wp:attachment":[{"href":"https:\/\/www.voegele-juwelier.de\/index.php?rest_route=%2Fwp%2Fv2%2Fmedia&parent=59"}],"curies":[{"name":"wp","href":"https:\/\/api.w.org\/{rel}","templated":true}]}}